{"id":82,"date":"2025-04-12T15:33:07","date_gmt":"2025-04-12T13:33:07","guid":{"rendered":"https:\/\/ladragonnerie.com\/?page_id=82"},"modified":"2025-10-23T17:16:14","modified_gmt":"2025-10-23T15:16:14","slug":"la-marque","status":"publish","type":"page","link":"https:\/\/ladragonnerie.com\/index.php\/la-marque\/","title":{"rendered":"La marque"},"content":{"rendered":"\t\t<div data-elementor-type=\"wp-page\" data-elementor-id=\"82\" class=\"elementor elementor-82\">\n\t\t\t\t<div class=\"elementor-element elementor-element-d5d6b7b e-flex e-con-boxed e-con e-parent\" data-id=\"d5d6b7b\" data-element_type=\"container\" data-e-type=\"container\">\n\t\t\t\t\t<div class=\"e-con-inner\">\n\t\t<div class=\"elementor-element elementor-element-ff91aab e-con-full e-flex e-con e-child\" data-id=\"ff91aab\" data-element_type=\"container\" data-e-type=\"container\">\n\t\t\t\t<div class=\"elementor-element elementor-element-c28295e elementor-widget elementor-widget-image\" data-id=\"c28295e\" data-element_type=\"widget\" data-e-type=\"widget\" data-widget_type=\"image.default\">\n\t\t\t\t<div class=\"elementor-widget-container\">\n\t\t\t\t\t\t\t\t\t\t\t\t\t\t\t<img fetchpriority=\"high\" decoding=\"async\" width=\"1024\" height=\"716\" src=\"https:\/\/ladragonnerie.com\/wp-content\/uploads\/2025\/10\/IMG_E7101-1024x716.jpg\" class=\"attachment-large size-large wp-image-573\" alt=\"\" srcset=\"https:\/\/ladragonnerie.com\/wp-content\/uploads\/2025\/10\/IMG_E7101-1024x716.jpg 1024w, https:\/\/ladragonnerie.com\/wp-content\/uploads\/2025\/10\/IMG_E7101-300x210.jpg 300w, https:\/\/ladragonnerie.com\/wp-content\/uploads\/2025\/10\/IMG_E7101-768x537.jpg 768w, https:\/\/ladragonnerie.com\/wp-content\/uploads\/2025\/10\/IMG_E7101-1536x1074.jpg 1536w, https:\/\/ladragonnerie.com\/wp-content\/uploads\/2025\/10\/IMG_E7101-2048x1432.jpg 2048w\" sizes=\"(max-width: 1024px) 100vw, 1024px\" \/>\t\t\t\t\t\t\t\t\t\t\t\t\t\t\t<\/div>\n\t\t\t\t<\/div>\n\t\t\t\t<\/div>\n\t\t<div class=\"elementor-element elementor-element-b26aed3 e-con-full e-flex e-con e-child\" data-id=\"b26aed3\" data-element_type=\"container\" data-e-type=\"container\">\n\t\t\t\t<div class=\"elementor-element elementor-element-a0b340e elementor-widget elementor-widget-heading\" data-id=\"a0b340e\" data-element_type=\"widget\" data-e-type=\"widget\" data-widget_type=\"heading.default\">\n\t\t\t\t<div class=\"elementor-widget-container\">\n\t\t\t\t\t<h2 class=\"elementor-heading-title elementor-size-default\">Un peu de moi<\/h2>\t\t\t\t<\/div>\n\t\t\t\t<\/div>\n\t\t\t\t<div class=\"elementor-element elementor-element-d248f42 elementor-widget elementor-widget-text-editor\" data-id=\"d248f42\" data-element_type=\"widget\" data-e-type=\"widget\" data-widget_type=\"text-editor.default\">\n\t\t\t\t<div class=\"elementor-widget-container\">\n\t\t\t\t\t\t\t\t\t<p>Salut !<\/p><p>\u00a0<\/p><p>Moi c&rsquo;est Lana, la cr\u00e9atrice de la Dragonnerie. Je suis une grande fanatique des soir\u00e9es lecture cocooning, j&rsquo;aime traverser les univers pendant des heures simplement en \u00e9tant sous mon plaid.<\/p><p>\u00a0<\/p><p>\u00c9tant manuelle de nature, j\u2019ai toujours aim\u00e9 bricoler, fa\u00e7onner, cr\u00e9er avec mes mains. Pour moi, rien ne vaut le plaisir de donner vie \u00e0 mes id\u00e9es avec un peu de mati\u00e8re et beaucoup de passion !<\/p>\t\t\t\t\t\t\t\t<\/div>\n\t\t\t\t<\/div>\n\t\t\t\t<\/div>\n\t\t\t\t\t<\/div>\n\t\t\t\t<\/div>\n\t\t<div class=\"elementor-element elementor-element-06b0614 e-flex e-con-boxed e-con e-parent\" data-id=\"06b0614\" data-element_type=\"container\" data-e-type=\"container\">\n\t\t\t\t\t<div class=\"e-con-inner\">\n\t\t<div class=\"elementor-element elementor-element-4e55f6c e-con-full e-flex e-con e-child\" data-id=\"4e55f6c\" data-element_type=\"container\" data-e-type=\"container\">\n\t\t\t\t<div class=\"elementor-element elementor-element-f935d08 elementor-widget elementor-widget-heading\" data-id=\"f935d08\" data-element_type=\"widget\" data-e-type=\"widget\" data-widget_type=\"heading.default\">\n\t\t\t\t<div class=\"elementor-widget-container\">\n\t\t\t\t\t<h2 class=\"elementor-heading-title elementor-size-default\">Ma nouvelle vie<\/h2>\t\t\t\t<\/div>\n\t\t\t\t<\/div>\n\t\t\t\t<div class=\"elementor-element elementor-element-058e1e2 elementor-widget__width-initial elementor-widget elementor-widget-text-editor\" data-id=\"058e1e2\" data-element_type=\"widget\" data-e-type=\"widget\" data-widget_type=\"text-editor.default\">\n\t\t\t\t<div class=\"elementor-widget-container\">\n\t\t\t\t\t\t\t\t\t<p>Apr\u00e8s de longues \u00e9tudes d&rsquo;art ainsi que plusieurs ann\u00e9es en tant qu&rsquo;architecte et designeuse, j&rsquo;ai d\u00e9cid\u00e9 de changer de vie et de me lancer dans une aventure qui me tenait \u00e0 c\u0153ur.<\/p><p>\u00a0<\/p><p>C&rsquo;est alors que l&rsquo;envie de confectionner pour partager s&rsquo;est impos\u00e9e. L&rsquo;id\u00e9e d&rsquo;allier ma passion pour le domaine livresque ainsi que l&rsquo;artisanat a rapidement \u00e9merg\u00e9e, me permettant d&rsquo;explorer ma cr\u00e9ativit\u00e9<\/p>\t\t\t\t\t\t\t\t<\/div>\n\t\t\t\t<\/div>\n\t\t\t\t<\/div>\n\t\t<div class=\"elementor-element elementor-element-fca9e36 e-con-full e-flex e-con e-child\" data-id=\"fca9e36\" data-element_type=\"container\" data-e-type=\"container\">\n\t\t\t\t<div class=\"elementor-element elementor-element-002c31f elementor-widget elementor-widget-image\" data-id=\"002c31f\" data-element_type=\"widget\" data-e-type=\"widget\" data-widget_type=\"image.default\">\n\t\t\t\t<div class=\"elementor-widget-container\">\n\t\t\t\t\t\t\t\t\t\t\t\t\t\t\t<img decoding=\"async\" width=\"1024\" height=\"768\" src=\"https:\/\/ladragonnerie.com\/wp-content\/uploads\/2025\/09\/WhatsApp-Image-2025-09-26-a-18.02.54_1bdebf56-1024x768.jpg\" class=\"attachment-large size-large wp-image-514\" alt=\"\" srcset=\"https:\/\/ladragonnerie.com\/wp-content\/uploads\/2025\/09\/WhatsApp-Image-2025-09-26-a-18.02.54_1bdebf56-1024x768.jpg 1024w, https:\/\/ladragonnerie.com\/wp-content\/uploads\/2025\/09\/WhatsApp-Image-2025-09-26-a-18.02.54_1bdebf56-300x225.jpg 300w, https:\/\/ladragonnerie.com\/wp-content\/uploads\/2025\/09\/WhatsApp-Image-2025-09-26-a-18.02.54_1bdebf56-768x576.jpg 768w, https:\/\/ladragonnerie.com\/wp-content\/uploads\/2025\/09\/WhatsApp-Image-2025-09-26-a-18.02.54_1bdebf56-1536x1152.jpg 1536w, https:\/\/ladragonnerie.com\/wp-content\/uploads\/2025\/09\/WhatsApp-Image-2025-09-26-a-18.02.54_1bdebf56.jpg 1600w\" sizes=\"(max-width: 1024px) 100vw, 1024px\" \/>\t\t\t\t\t\t\t\t\t\t\t\t\t\t\t<\/div>\n\t\t\t\t<\/div>\n\t\t\t\t<\/div>\n\t\t\t\t\t<\/div>\n\t\t\t\t<\/div>\n\t\t<div class=\"elementor-element elementor-element-382b03f e-flex e-con-boxed e-con e-parent\" data-id=\"382b03f\" data-element_type=\"container\" data-e-type=\"container\">\n\t\t\t\t\t<div class=\"e-con-inner\">\n\t\t<div class=\"elementor-element elementor-element-27b18a0 e-con-full e-flex e-con e-child\" data-id=\"27b18a0\" data-element_type=\"container\" data-e-type=\"container\">\n\t\t<div class=\"elementor-element elementor-element-4d4abae e-con-full e-flex e-con e-child\" data-id=\"4d4abae\" data-element_type=\"container\" data-e-type=\"container\">\n\t\t\t\t<div class=\"elementor-element elementor-element-46f024d elementor-widget elementor-widget-image\" data-id=\"46f024d\" data-element_type=\"widget\" data-e-type=\"widget\" data-widget_type=\"image.default\">\n\t\t\t\t<div class=\"elementor-widget-container\">\n\t\t\t\t\t\t\t\t\t\t\t\t\t\t\t<img decoding=\"async\" width=\"1024\" height=\"768\" src=\"https:\/\/ladragonnerie.com\/wp-content\/uploads\/2025\/09\/WhatsApp-Image-2025-09-26-a-17.40.34_60646cf4-1024x768.jpg\" class=\"attachment-large size-large wp-image-513\" alt=\"\" srcset=\"https:\/\/ladragonnerie.com\/wp-content\/uploads\/2025\/09\/WhatsApp-Image-2025-09-26-a-17.40.34_60646cf4-1024x768.jpg 1024w, https:\/\/ladragonnerie.com\/wp-content\/uploads\/2025\/09\/WhatsApp-Image-2025-09-26-a-17.40.34_60646cf4-300x225.jpg 300w, https:\/\/ladragonnerie.com\/wp-content\/uploads\/2025\/09\/WhatsApp-Image-2025-09-26-a-17.40.34_60646cf4-768x576.jpg 768w, https:\/\/ladragonnerie.com\/wp-content\/uploads\/2025\/09\/WhatsApp-Image-2025-09-26-a-17.40.34_60646cf4-1536x1152.jpg 1536w, https:\/\/ladragonnerie.com\/wp-content\/uploads\/2025\/09\/WhatsApp-Image-2025-09-26-a-17.40.34_60646cf4.jpg 1600w\" sizes=\"(max-width: 1024px) 100vw, 1024px\" \/>\t\t\t\t\t\t\t\t\t\t\t\t\t\t\t<\/div>\n\t\t\t\t<\/div>\n\t\t\t\t<\/div>\n\t\t<div class=\"elementor-element elementor-element-43e887c e-con-full e-flex e-con e-child\" data-id=\"43e887c\" data-element_type=\"container\" data-e-type=\"container\">\n\t\t\t\t<div class=\"elementor-element elementor-element-fc05c8a elementor-widget elementor-widget-heading\" data-id=\"fc05c8a\" data-element_type=\"widget\" data-e-type=\"widget\" data-widget_type=\"heading.default\">\n\t\t\t\t<div class=\"elementor-widget-container\">\n\t\t\t\t\t<h2 class=\"elementor-heading-title elementor-size-default\">Naissance de la Dragonnerie<\/h2>\t\t\t\t<\/div>\n\t\t\t\t<\/div>\n\t\t\t\t<div class=\"elementor-element elementor-element-9d61364 elementor-widget elementor-widget-text-editor\" data-id=\"9d61364\" data-element_type=\"widget\" data-e-type=\"widget\" data-widget_type=\"text-editor.default\">\n\t\t\t\t<div class=\"elementor-widget-container\">\n\t\t\t\t\t\t\t\t\t<p>Pour moi, mes livres sont un temple que je ch\u00e9rie et prot\u00e8ge comme la prunelle de mes yeux, la moindre page encorn\u00e9e suffit \u00e0 me provoquer des sueurs froides. C&rsquo;est pourquoi la solution de cr\u00e9er des pochettes me permettant de les transporter partout sans les abimer m&rsquo;est apparue comme une \u00e9vidence.<\/p><p>\u00a0<\/p><p>Pourquoi <strong>la Dragonnerie<\/strong> ?\u00a0<\/p><p>C\u2019est un lieu symbolique o\u00f9 les dragons existent encore. C\u2019est un hommage aux l\u00e9gendes, \u00e0 l\u2019artisanat fantastique, et \u00e0 ces cr\u00e9atures mythiques symbolisant la puissance et la magie. Je voulais regrouper les passionn\u00e9s de fantasy, amateurs d\u2019objets uniques, ou simplement curieux d\u2019un univers diff\u00e9rent. Puis c&rsquo;est aussi un petit clin d&rsquo;\u0153il \u00e0 l&rsquo;un de mes livres pr\u00e9f\u00e9r\u00e9.<\/p>\t\t\t\t\t\t\t\t<\/div>\n\t\t\t\t<\/div>\n\t\t\t\t<\/div>\n\t\t\t\t<\/div>\n\t\t\t\t\t<\/div>\n\t\t\t\t<\/div>\n\t\t\t\t<\/div>\n\t\t","protected":false},"excerpt":{"rendered":"<p>Un peu de moi Salut ! \u00a0 Moi c&rsquo;est Lana, la cr\u00e9atrice de la Dragonnerie. Je suis une grande fanatique des soir\u00e9es lecture cocooning, j&rsquo;aime traverser les univers pendant des heures simplement en \u00e9tant sous mon plaid. \u00a0 \u00c9tant manuelle de nature, j\u2019ai toujours aim\u00e9 bricoler, fa\u00e7onner, cr\u00e9er avec mes mains. Pour moi, rien ne [&hellip;]<\/p>\n","protected":false},"author":1,"featured_media":0,"parent":0,"menu_order":0,"comment_status":"closed","ping_status":"closed","template":"","meta":{"ocean_post_layout":"","ocean_both_sidebars_style":"","ocean_both_sidebars_content_width":0,"ocean_both_sidebars_sidebars_width":0,"ocean_sidebar":"","ocean_second_sidebar":"","ocean_disable_margins":"enable","ocean_add_body_class":"","ocean_shortcode_before_top_bar":"","ocean_shortcode_after_top_bar":"","ocean_shortcode_before_header":"","ocean_shortcode_after_header":"","ocean_has_shortcode":"","ocean_shortcode_after_title":"","ocean_shortcode_before_footer_widgets":"","ocean_shortcode_after_footer_widgets":"","ocean_shortcode_before_footer_bottom":"","ocean_shortcode_after_footer_bottom":"","ocean_display_top_bar":"default","ocean_display_header":"default","ocean_header_style":"","ocean_center_header_left_menu":"","ocean_custom_header_template":"","ocean_custom_logo":0,"ocean_custom_retina_logo":0,"ocean_custom_logo_max_width":0,"ocean_custom_logo_tablet_max_width":0,"ocean_custom_logo_mobile_max_width":0,"ocean_custom_logo_max_height":0,"ocean_custom_logo_tablet_max_height":0,"ocean_custom_logo_mobile_max_height":0,"ocean_header_custom_menu":"","ocean_menu_typo_font_family":"","ocean_menu_typo_font_subset":"","ocean_menu_typo_font_size":0,"ocean_menu_typo_font_size_tablet":0,"ocean_menu_typo_font_size_mobile":0,"ocean_menu_typo_font_size_unit":"px","ocean_menu_typo_font_weight":"","ocean_menu_typo_font_weight_tablet":"","ocean_menu_typo_font_weight_mobile":"","ocean_menu_typo_transform":"","ocean_menu_typo_transform_tablet":"","ocean_menu_typo_transform_mobile":"","ocean_menu_typo_line_height":0,"ocean_menu_typo_line_height_tablet":0,"ocean_menu_typo_line_height_mobile":0,"ocean_menu_typo_line_height_unit":"","ocean_menu_typo_spacing":0,"ocean_menu_typo_spacing_tablet":0,"ocean_menu_typo_spacing_mobile":0,"ocean_menu_typo_spacing_unit":"","ocean_menu_link_color":"","ocean_menu_link_color_hover":"","ocean_menu_link_color_active":"","ocean_menu_link_background":"","ocean_menu_link_hover_background":"","ocean_menu_link_active_background":"","ocean_menu_social_links_bg":"","ocean_menu_social_hover_links_bg":"","ocean_menu_social_links_color":"","ocean_menu_social_hover_links_color":"","ocean_disable_title":"on","ocean_disable_heading":"default","ocean_post_title":"","ocean_post_subheading":"","ocean_post_title_style":"","ocean_post_title_background_color":"","ocean_post_title_background":0,"ocean_post_title_bg_image_position":"","ocean_post_title_bg_image_attachment":"","ocean_post_title_bg_image_repeat":"","ocean_post_title_bg_image_size":"","ocean_post_title_height":0,"ocean_post_title_bg_overlay":0.5,"ocean_post_title_bg_overlay_color":"","ocean_disable_breadcrumbs":"default","ocean_breadcrumbs_color":"","ocean_breadcrumbs_separator_color":"","ocean_breadcrumbs_links_color":"","ocean_breadcrumbs_links_hover_color":"","ocean_display_footer_widgets":"default","ocean_display_footer_bottom":"default","ocean_custom_footer_template":"","footnotes":""},"class_list":["post-82","page","type-page","status-publish","hentry","entry","owp-thumbs-layout-horizontal","owp-btn-big","owp-tabs-layout-section","has-no-thumbnails","has-product-nav"],"yoast_head":"<!-- This site is optimized with the Yoast SEO plugin v26.8 - https:\/\/yoast.com\/product\/yoast-seo-wordpress\/ -->\n<title>La marque - La Dragonnerie<\/title>\n<meta name=\"robots\" content=\"index, follow, max-snippet:-1, max-image-preview:large, max-video-preview:-1\" \/>\n<link rel=\"canonical\" href=\"https:\/\/ladragonnerie.com\/index.php\/la-marque\/\" \/>\n<meta property=\"og:locale\" content=\"fr_FR\" \/>\n<meta property=\"og:type\" content=\"article\" \/>\n<meta property=\"og:title\" content=\"La marque - La Dragonnerie\" \/>\n<meta property=\"og:description\" content=\"Un peu de moi Salut ! \u00a0 Moi c&rsquo;est Lana, la cr\u00e9atrice de la Dragonnerie. Je suis une grande fanatique des soir\u00e9es lecture cocooning, j&rsquo;aime traverser les univers pendant des heures simplement en \u00e9tant sous mon plaid. \u00a0 \u00c9tant manuelle de nature, j\u2019ai toujours aim\u00e9 bricoler, fa\u00e7onner, cr\u00e9er avec mes mains. Pour moi, rien ne [&hellip;]\" \/>\n<meta property=\"og:url\" content=\"https:\/\/ladragonnerie.com\/index.php\/la-marque\/\" \/>\n<meta property=\"og:site_name\" content=\"La Dragonnerie\" \/>\n<meta property=\"article:modified_time\" content=\"2025-10-23T15:16:14+00:00\" \/>\n<meta property=\"og:image\" content=\"http:\/\/ladragonnerie.com\/wp-content\/uploads\/2025\/10\/IMG_E7101-1024x716.jpg\" \/>\n<meta name=\"twitter:card\" content=\"summary_large_image\" \/>\n<meta name=\"twitter:label1\" content=\"Dur\u00e9e de lecture estim\u00e9e\" \/>\n\t<meta name=\"twitter:data1\" content=\"1 minute\" \/>\n<script type=\"application\/ld+json\" class=\"yoast-schema-graph\">{\"@context\":\"https:\/\/schema.org\",\"@graph\":[{\"@type\":\"WebPage\",\"@id\":\"https:\/\/ladragonnerie.com\/index.php\/la-marque\/\",\"url\":\"https:\/\/ladragonnerie.com\/index.php\/la-marque\/\",\"name\":\"La marque - La Dragonnerie\",\"isPartOf\":{\"@id\":\"https:\/\/ladragonnerie.com\/#website\"},\"primaryImageOfPage\":{\"@id\":\"https:\/\/ladragonnerie.com\/index.php\/la-marque\/#primaryimage\"},\"image\":{\"@id\":\"https:\/\/ladragonnerie.com\/index.php\/la-marque\/#primaryimage\"},\"thumbnailUrl\":\"http:\/\/ladragonnerie.com\/wp-content\/uploads\/2025\/10\/IMG_E7101-1024x716.jpg\",\"datePublished\":\"2025-04-12T13:33:07+00:00\",\"dateModified\":\"2025-10-23T15:16:14+00:00\",\"breadcrumb\":{\"@id\":\"https:\/\/ladragonnerie.com\/index.php\/la-marque\/#breadcrumb\"},\"inLanguage\":\"fr-FR\",\"potentialAction\":[{\"@type\":\"ReadAction\",\"target\":[\"https:\/\/ladragonnerie.com\/index.php\/la-marque\/\"]}]},{\"@type\":\"ImageObject\",\"inLanguage\":\"fr-FR\",\"@id\":\"https:\/\/ladragonnerie.com\/index.php\/la-marque\/#primaryimage\",\"url\":\"http:\/\/ladragonnerie.com\/wp-content\/uploads\/2025\/10\/IMG_E7101-1024x716.jpg\",\"contentUrl\":\"http:\/\/ladragonnerie.com\/wp-content\/uploads\/2025\/10\/IMG_E7101-1024x716.jpg\"},{\"@type\":\"BreadcrumbList\",\"@id\":\"https:\/\/ladragonnerie.com\/index.php\/la-marque\/#breadcrumb\",\"itemListElement\":[{\"@type\":\"ListItem\",\"position\":1,\"name\":\"Accueil\",\"item\":\"https:\/\/ladragonnerie.com\/\"},{\"@type\":\"ListItem\",\"position\":2,\"name\":\"La marque\"}]},{\"@type\":\"WebSite\",\"@id\":\"https:\/\/ladragonnerie.com\/#website\",\"url\":\"https:\/\/ladragonnerie.com\/\",\"name\":\"La Dragonnerie\",\"description\":\"Pochette \u00e0 livre\",\"publisher\":{\"@id\":\"https:\/\/ladragonnerie.com\/#organization\"},\"potentialAction\":[{\"@type\":\"SearchAction\",\"target\":{\"@type\":\"EntryPoint\",\"urlTemplate\":\"https:\/\/ladragonnerie.com\/?s={search_term_string}\"},\"query-input\":{\"@type\":\"PropertyValueSpecification\",\"valueRequired\":true,\"valueName\":\"search_term_string\"}}],\"inLanguage\":\"fr-FR\"},{\"@type\":\"Organization\",\"@id\":\"https:\/\/ladragonnerie.com\/#organization\",\"name\":\"La Dragonnerie\",\"url\":\"https:\/\/ladragonnerie.com\/\",\"logo\":{\"@type\":\"ImageObject\",\"inLanguage\":\"fr-FR\",\"@id\":\"https:\/\/ladragonnerie.com\/#\/schema\/logo\/image\/\",\"url\":\"https:\/\/ladragonnerie.com\/wp-content\/uploads\/2025\/04\/cropped-logo-ecriture-or.png\",\"contentUrl\":\"https:\/\/ladragonnerie.com\/wp-content\/uploads\/2025\/04\/cropped-logo-ecriture-or.png\",\"width\":1272,\"height\":522,\"caption\":\"La Dragonnerie\"},\"image\":{\"@id\":\"https:\/\/ladragonnerie.com\/#\/schema\/logo\/image\/\"},\"sameAs\":[\"https:\/\/www.instagram.com\/ladragonnerie_\/\",\"https:\/\/www.tiktok.com\/@ladragonnerie_\"]}]}<\/script>\n<!-- \/ Yoast SEO plugin. -->","yoast_head_json":{"title":"La marque - La Dragonnerie","robots":{"index":"index","follow":"follow","max-snippet":"max-snippet:-1","max-image-preview":"max-image-preview:large","max-video-preview":"max-video-preview:-1"},"canonical":"https:\/\/ladragonnerie.com\/index.php\/la-marque\/","og_locale":"fr_FR","og_type":"article","og_title":"La marque - La Dragonnerie","og_description":"Un peu de moi Salut ! \u00a0 Moi c&rsquo;est Lana, la cr\u00e9atrice de la Dragonnerie. Je suis une grande fanatique des soir\u00e9es lecture cocooning, j&rsquo;aime traverser les univers pendant des heures simplement en \u00e9tant sous mon plaid. \u00a0 \u00c9tant manuelle de nature, j\u2019ai toujours aim\u00e9 bricoler, fa\u00e7onner, cr\u00e9er avec mes mains. Pour moi, rien ne [&hellip;]","og_url":"https:\/\/ladragonnerie.com\/index.php\/la-marque\/","og_site_name":"La Dragonnerie","article_modified_time":"2025-10-23T15:16:14+00:00","og_image":[{"url":"http:\/\/ladragonnerie.com\/wp-content\/uploads\/2025\/10\/IMG_E7101-1024x716.jpg","type":"","width":"","height":""}],"twitter_card":"summary_large_image","twitter_misc":{"Dur\u00e9e de lecture estim\u00e9e":"1 minute"},"schema":{"@context":"https:\/\/schema.org","@graph":[{"@type":"WebPage","@id":"https:\/\/ladragonnerie.com\/index.php\/la-marque\/","url":"https:\/\/ladragonnerie.com\/index.php\/la-marque\/","name":"La marque - La Dragonnerie","isPartOf":{"@id":"https:\/\/ladragonnerie.com\/#website"},"primaryImageOfPage":{"@id":"https:\/\/ladragonnerie.com\/index.php\/la-marque\/#primaryimage"},"image":{"@id":"https:\/\/ladragonnerie.com\/index.php\/la-marque\/#primaryimage"},"thumbnailUrl":"http:\/\/ladragonnerie.com\/wp-content\/uploads\/2025\/10\/IMG_E7101-1024x716.jpg","datePublished":"2025-04-12T13:33:07+00:00","dateModified":"2025-10-23T15:16:14+00:00","breadcrumb":{"@id":"https:\/\/ladragonnerie.com\/index.php\/la-marque\/#breadcrumb"},"inLanguage":"fr-FR","potentialAction":[{"@type":"ReadAction","target":["https:\/\/ladragonnerie.com\/index.php\/la-marque\/"]}]},{"@type":"ImageObject","inLanguage":"fr-FR","@id":"https:\/\/ladragonnerie.com\/index.php\/la-marque\/#primaryimage","url":"http:\/\/ladragonnerie.com\/wp-content\/uploads\/2025\/10\/IMG_E7101-1024x716.jpg","contentUrl":"http:\/\/ladragonnerie.com\/wp-content\/uploads\/2025\/10\/IMG_E7101-1024x716.jpg"},{"@type":"BreadcrumbList","@id":"https:\/\/ladragonnerie.com\/index.php\/la-marque\/#breadcrumb","itemListElement":[{"@type":"ListItem","position":1,"name":"Accueil","item":"https:\/\/ladragonnerie.com\/"},{"@type":"ListItem","position":2,"name":"La marque"}]},{"@type":"WebSite","@id":"https:\/\/ladragonnerie.com\/#website","url":"https:\/\/ladragonnerie.com\/","name":"La Dragonnerie","description":"Pochette \u00e0 livre","publisher":{"@id":"https:\/\/ladragonnerie.com\/#organization"},"potentialAction":[{"@type":"SearchAction","target":{"@type":"EntryPoint","urlTemplate":"https:\/\/ladragonnerie.com\/?s={search_term_string}"},"query-input":{"@type":"PropertyValueSpecification","valueRequired":true,"valueName":"search_term_string"}}],"inLanguage":"fr-FR"},{"@type":"Organization","@id":"https:\/\/ladragonnerie.com\/#organization","name":"La Dragonnerie","url":"https:\/\/ladragonnerie.com\/","logo":{"@type":"ImageObject","inLanguage":"fr-FR","@id":"https:\/\/ladragonnerie.com\/#\/schema\/logo\/image\/","url":"https:\/\/ladragonnerie.com\/wp-content\/uploads\/2025\/04\/cropped-logo-ecriture-or.png","contentUrl":"https:\/\/ladragonnerie.com\/wp-content\/uploads\/2025\/04\/cropped-logo-ecriture-or.png","width":1272,"height":522,"caption":"La Dragonnerie"},"image":{"@id":"https:\/\/ladragonnerie.com\/#\/schema\/logo\/image\/"},"sameAs":["https:\/\/www.instagram.com\/ladragonnerie_\/","https:\/\/www.tiktok.com\/@ladragonnerie_"]}]}},"_links":{"self":[{"href":"https:\/\/ladragonnerie.com\/index.php\/wp-json\/wp\/v2\/pages\/82","targetHints":{"allow":["GET"]}}],"collection":[{"href":"https:\/\/ladragonnerie.com\/index.php\/wp-json\/wp\/v2\/pages"}],"about":[{"href":"https:\/\/ladragonnerie.com\/index.php\/wp-json\/wp\/v2\/types\/page"}],"author":[{"embeddable":true,"href":"https:\/\/ladragonnerie.com\/index.php\/wp-json\/wp\/v2\/users\/1"}],"replies":[{"embeddable":true,"href":"https:\/\/ladragonnerie.com\/index.php\/wp-json\/wp\/v2\/comments?post=82"}],"version-history":[{"count":20,"href":"https:\/\/ladragonnerie.com\/index.php\/wp-json\/wp\/v2\/pages\/82\/revisions"}],"predecessor-version":[{"id":576,"href":"https:\/\/ladragonnerie.com\/index.php\/wp-json\/wp\/v2\/pages\/82\/revisions\/576"}],"wp:attachment":[{"href":"https:\/\/ladragonnerie.com\/index.php\/wp-json\/wp\/v2\/media?parent=82"}],"curies":[{"name":"wp","href":"https:\/\/api.w.org\/{rel}","templated":true}]}}