{"id":738,"date":"2026-01-16T17:56:45","date_gmt":"2026-01-16T16:56:45","guid":{"rendered":"https:\/\/ladragonnerie.com\/?post_type=product&#038;p=738"},"modified":"2026-03-30T22:41:07","modified_gmt":"2026-03-30T20:41:07","slug":"pochette-broche-relie-verte","status":"publish","type":"product","link":"https:\/\/ladragonnerie.com\/index.php\/produit\/pochette-broche-relie-verte\/","title":{"rendered":"Pochette broch\u00e9 \/ reli\u00e9 verte"},"content":{"rendered":"<p><i>P<\/i>rot\u00e9gez vos livres des chocs et des agressions ext\u00e9rieures gr\u00e2ce aux parois matelass\u00e9es de nos pochettes.<\/p>\n<p>Pratiques et raffin\u00e9es, elles vous suivent partout : en voyage, au bureau ou lors de vos sorties du quotidien. Gr\u00e2ce \u00e0 nos pochettes vos livres et appareils sont toujours \u00e0 l\u2019abri, pr\u00eats \u00e0 partir \u00e0 l\u2019aventure avec vous.<\/p>\n<p data-start=\"543\" data-end=\"567\"><strong data-start=\"543\" data-end=\"565\">Caract\u00e9ristiques :<\/strong><\/p>\n<ul data-start=\"568\" data-end=\"825\">\n<li data-start=\"568\" data-end=\"617\">\n<p data-start=\"570\" data-end=\"617\">Dimensions : 30 \u00d7 24 cm<\/p>\n<\/li>\n<li data-start=\"618\" data-end=\"680\">\n<p data-start=\"620\" data-end=\"680\">Mat\u00e9riaux : velours doubl\u00e9 de satin<\/p>\n<\/li>\n<li data-start=\"681\" data-end=\"702\">\n<p data-start=\"683\" data-end=\"702\">Illustration en thermocollant<\/p>\n<\/li>\n<li data-start=\"703\" data-end=\"739\">\n<p data-start=\"705\" data-end=\"739\">Rembourrage int\u00e9rieur protecteur<\/p>\n<\/li>\n<li data-start=\"740\" data-end=\"778\">\n<p data-start=\"742\" data-end=\"778\">Ouverture par retournement de tissu<\/p>\n<\/li>\n<li data-start=\"804\" data-end=\"825\">\n<p data-start=\"806\" data-end=\"825\">Fabrication : \u00e0 la main fait par nos soins<\/p>\n<\/li>\n<\/ul>\n<p data-start=\"827\" data-end=\"1037\"><strong data-start=\"827\" data-end=\"846\">Compatibilit\u00e9 :<\/strong><br data-start=\"846\" data-end=\"849\" \/>Livres broch\u00e9s<br data-start=\"908\" data-end=\"911\" \/>Livres reli\u00e9s<br data-start=\"947\" data-end=\"950\" \/>Certaines tablettes<\/p>\n","protected":false},"excerpt":{"rendered":"<p><strong>Pochette broch\u00e9 \/ reli\u00e9 verte<\/strong><\/p>\n<p><em>Taxes incluses. Frais d&rsquo;exp\u00e9dition calcul\u00e9s \u00e0 l&rsquo;\u00e9tape de paiement.<\/em><\/p>\n<p><strong>Dimensions<\/strong> :\u00a0 30 x 24 cm<\/p>\n<p><em>(photo non contractuelle)<\/em><\/p>\n","protected":false},"featured_media":739,"template":"","meta":{"ocean_post_layout":"","ocean_both_sidebars_style":"","ocean_both_sidebars_content_width":0,"ocean_both_sidebars_sidebars_width":0,"ocean_sidebar":"0","ocean_second_sidebar":"0","ocean_disable_margins":"enable","ocean_add_body_class":"","ocean_shortcode_before_top_bar":"","ocean_shortcode_after_top_bar":"","ocean_shortcode_before_header":"","ocean_shortcode_after_header":"","ocean_has_shortcode":"","ocean_shortcode_after_title":"","ocean_shortcode_before_footer_widgets":"","ocean_shortcode_after_footer_widgets":"","ocean_shortcode_before_footer_bottom":"","ocean_shortcode_after_footer_bottom":"","ocean_display_top_bar":"default","ocean_display_header":"default","ocean_header_style":"","ocean_center_header_left_menu":"0","ocean_custom_header_template":"0","ocean_custom_logo":0,"ocean_custom_retina_logo":0,"ocean_custom_logo_max_width":0,"ocean_custom_logo_tablet_max_width":0,"ocean_custom_logo_mobile_max_width":0,"ocean_custom_logo_max_height":0,"ocean_custom_logo_tablet_max_height":0,"ocean_custom_logo_mobile_max_height":0,"ocean_header_custom_menu":"0","ocean_menu_typo_font_family":"0","ocean_menu_typo_font_subset":"","ocean_menu_typo_font_size":0,"ocean_menu_typo_font_size_tablet":0,"ocean_menu_typo_font_size_mobile":0,"ocean_menu_typo_font_size_unit":"px","ocean_menu_typo_font_weight":"","ocean_menu_typo_font_weight_tablet":"","ocean_menu_typo_font_weight_mobile":"","ocean_menu_typo_transform":"","ocean_menu_typo_transform_tablet":"","ocean_menu_typo_transform_mobile":"","ocean_menu_typo_line_height":0,"ocean_menu_typo_line_height_tablet":0,"ocean_menu_typo_line_height_mobile":0,"ocean_menu_typo_line_height_unit":"","ocean_menu_typo_spacing":0,"ocean_menu_typo_spacing_tablet":0,"ocean_menu_typo_spacing_mobile":0,"ocean_menu_typo_spacing_unit":"","ocean_menu_link_color":"","ocean_menu_link_color_hover":"","ocean_menu_link_color_active":"","ocean_menu_link_background":"","ocean_menu_link_hover_background":"","ocean_menu_link_active_background":"","ocean_menu_social_links_bg":"","ocean_menu_social_hover_links_bg":"","ocean_menu_social_links_color":"","ocean_menu_social_hover_links_color":"","ocean_disable_title":"default","ocean_disable_heading":"default","ocean_post_title":"","ocean_post_subheading":"","ocean_post_title_style":"","ocean_post_title_background_color":"","ocean_post_title_background":0,"ocean_post_title_bg_image_position":"","ocean_post_title_bg_image_attachment":"","ocean_post_title_bg_image_repeat":"","ocean_post_title_bg_image_size":"","ocean_post_title_height":0,"ocean_post_title_bg_overlay":0.5,"ocean_post_title_bg_overlay_color":"","ocean_disable_breadcrumbs":"default","ocean_breadcrumbs_color":"","ocean_breadcrumbs_separator_color":"","ocean_breadcrumbs_links_color":"","ocean_breadcrumbs_links_hover_color":"","ocean_display_footer_widgets":"default","ocean_display_footer_bottom":"default","ocean_custom_footer_template":"0"},"product_brand":[],"product_cat":[27,24],"product_tag":[],"class_list":{"0":"post-738","1":"product","2":"type-product","3":"status-publish","4":"has-post-thumbnail","6":"product_cat-broches-relies","7":"product_cat-pochettes","8":"product_shipping_class-plus-de-100g","10":"entry","11":"has-media","13":"first","14":"instock","15":"shipping-taxable","16":"purchasable","17":"product-type-simple","18":"has-product-nav","19":"col","20":"span_1_of_4","21":"owp-content-center","22":"owp-thumbs-layout-horizontal","23":"owp-btn-big","24":"owp-tabs-layout-section"},"yoast_head":"<!-- This site is optimized with the Yoast SEO plugin v26.8 - https:\/\/yoast.com\/product\/yoast-seo-wordpress\/ -->\n<title>Pochette broch\u00e9 \/ reli\u00e9 verte - La Dragonnerie<\/title>\n<meta name=\"robots\" content=\"index, follow, max-snippet:-1, max-image-preview:large, max-video-preview:-1\" \/>\n<link rel=\"canonical\" href=\"https:\/\/ladragonnerie.com\/index.php\/produit\/pochette-broche-relie-verte\/\" \/>\n<meta property=\"og:locale\" content=\"fr_FR\" \/>\n<meta property=\"og:type\" content=\"article\" \/>\n<meta property=\"og:title\" content=\"Pochette broch\u00e9 \/ reli\u00e9 verte - La Dragonnerie\" \/>\n<meta property=\"og:description\" content=\"Pochette broch\u00e9 \/ reli\u00e9 verte  Taxes incluses. Frais d&#039;exp\u00e9dition calcul\u00e9s \u00e0 l&#039;\u00e9tape de paiement.  Dimensions :\u00a0 30 x 24 cm  (photo non contractuelle)\" \/>\n<meta property=\"og:url\" content=\"https:\/\/ladragonnerie.com\/index.php\/produit\/pochette-broche-relie-verte\/\" \/>\n<meta property=\"og:site_name\" content=\"La Dragonnerie\" \/>\n<meta property=\"article:modified_time\" content=\"2026-03-30T20:41:07+00:00\" \/>\n<meta property=\"og:image\" content=\"https:\/\/ladragonnerie.com\/wp-content\/uploads\/2026\/01\/WhatsApp-Image-2026-01-16-at-17.18.29.jpeg\" \/>\n\t<meta property=\"og:image:width\" content=\"1152\" \/>\n\t<meta property=\"og:image:height\" content=\"2048\" \/>\n\t<meta property=\"og:image:type\" content=\"image\/jpeg\" \/>\n<meta name=\"twitter:card\" content=\"summary_large_image\" \/>\n<meta name=\"twitter:label1\" content=\"Dur\u00e9e de lecture estim\u00e9e\" \/>\n\t<meta name=\"twitter:data1\" content=\"1 minute\" \/>\n<script type=\"application\/ld+json\" class=\"yoast-schema-graph\">{\"@context\":\"https:\/\/schema.org\",\"@graph\":[{\"@type\":\"WebPage\",\"@id\":\"https:\/\/ladragonnerie.com\/index.php\/produit\/pochette-broche-relie-verte\/\",\"url\":\"https:\/\/ladragonnerie.com\/index.php\/produit\/pochette-broche-relie-verte\/\",\"name\":\"Pochette broch\u00e9 \/ reli\u00e9 verte - La Dragonnerie\",\"isPartOf\":{\"@id\":\"https:\/\/ladragonnerie.com\/#website\"},\"primaryImageOfPage\":{\"@id\":\"https:\/\/ladragonnerie.com\/index.php\/produit\/pochette-broche-relie-verte\/#primaryimage\"},\"image\":{\"@id\":\"https:\/\/ladragonnerie.com\/index.php\/produit\/pochette-broche-relie-verte\/#primaryimage\"},\"thumbnailUrl\":\"https:\/\/ladragonnerie.com\/wp-content\/uploads\/2026\/01\/WhatsApp-Image-2026-01-16-at-17.18.29.jpeg\",\"datePublished\":\"2026-01-16T16:56:45+00:00\",\"dateModified\":\"2026-03-30T20:41:07+00:00\",\"breadcrumb\":{\"@id\":\"https:\/\/ladragonnerie.com\/index.php\/produit\/pochette-broche-relie-verte\/#breadcrumb\"},\"inLanguage\":\"fr-FR\",\"potentialAction\":[{\"@type\":\"ReadAction\",\"target\":[\"https:\/\/ladragonnerie.com\/index.php\/produit\/pochette-broche-relie-verte\/\"]}]},{\"@type\":\"ImageObject\",\"inLanguage\":\"fr-FR\",\"@id\":\"https:\/\/ladragonnerie.com\/index.php\/produit\/pochette-broche-relie-verte\/#primaryimage\",\"url\":\"https:\/\/ladragonnerie.com\/wp-content\/uploads\/2026\/01\/WhatsApp-Image-2026-01-16-at-17.18.29.jpeg\",\"contentUrl\":\"https:\/\/ladragonnerie.com\/wp-content\/uploads\/2026\/01\/WhatsApp-Image-2026-01-16-at-17.18.29.jpeg\",\"width\":1152,\"height\":2048},{\"@type\":\"BreadcrumbList\",\"@id\":\"https:\/\/ladragonnerie.com\/index.php\/produit\/pochette-broche-relie-verte\/#breadcrumb\",\"itemListElement\":[{\"@type\":\"ListItem\",\"position\":1,\"name\":\"Accueil\",\"item\":\"https:\/\/ladragonnerie.com\/\"},{\"@type\":\"ListItem\",\"position\":2,\"name\":\"Nos cr\u00e9ations\",\"item\":\"https:\/\/ladragonnerie.com\/index.php\/pochette-a-livre-marque-page\/\"},{\"@type\":\"ListItem\",\"position\":3,\"name\":\"Pochette broch\u00e9 \/ reli\u00e9 verte\"}]},{\"@type\":\"WebSite\",\"@id\":\"https:\/\/ladragonnerie.com\/#website\",\"url\":\"https:\/\/ladragonnerie.com\/\",\"name\":\"La Dragonnerie\",\"description\":\"Pochette \u00e0 livre\",\"publisher\":{\"@id\":\"https:\/\/ladragonnerie.com\/#organization\"},\"potentialAction\":[{\"@type\":\"SearchAction\",\"target\":{\"@type\":\"EntryPoint\",\"urlTemplate\":\"https:\/\/ladragonnerie.com\/?s={search_term_string}\"},\"query-input\":{\"@type\":\"PropertyValueSpecification\",\"valueRequired\":true,\"valueName\":\"search_term_string\"}}],\"inLanguage\":\"fr-FR\"},{\"@type\":\"Organization\",\"@id\":\"https:\/\/ladragonnerie.com\/#organization\",\"name\":\"La Dragonnerie\",\"url\":\"https:\/\/ladragonnerie.com\/\",\"logo\":{\"@type\":\"ImageObject\",\"inLanguage\":\"fr-FR\",\"@id\":\"https:\/\/ladragonnerie.com\/#\/schema\/logo\/image\/\",\"url\":\"https:\/\/ladragonnerie.com\/wp-content\/uploads\/2025\/04\/cropped-logo-ecriture-or.png\",\"contentUrl\":\"https:\/\/ladragonnerie.com\/wp-content\/uploads\/2025\/04\/cropped-logo-ecriture-or.png\",\"width\":1272,\"height\":522,\"caption\":\"La Dragonnerie\"},\"image\":{\"@id\":\"https:\/\/ladragonnerie.com\/#\/schema\/logo\/image\/\"},\"sameAs\":[\"https:\/\/www.instagram.com\/ladragonnerie_\/\",\"https:\/\/www.tiktok.com\/@ladragonnerie_\"]}]}<\/script>\n<!-- \/ Yoast SEO plugin. -->","yoast_head_json":{"title":"Pochette broch\u00e9 \/ reli\u00e9 verte - La Dragonnerie","robots":{"index":"index","follow":"follow","max-snippet":"max-snippet:-1","max-image-preview":"max-image-preview:large","max-video-preview":"max-video-preview:-1"},"canonical":"https:\/\/ladragonnerie.com\/index.php\/produit\/pochette-broche-relie-verte\/","og_locale":"fr_FR","og_type":"article","og_title":"Pochette broch\u00e9 \/ reli\u00e9 verte - La Dragonnerie","og_description":"Pochette broch\u00e9 \/ reli\u00e9 verte  Taxes incluses. Frais d'exp\u00e9dition calcul\u00e9s \u00e0 l'\u00e9tape de paiement.  Dimensions :\u00a0 30 x 24 cm  (photo non contractuelle)","og_url":"https:\/\/ladragonnerie.com\/index.php\/produit\/pochette-broche-relie-verte\/","og_site_name":"La Dragonnerie","article_modified_time":"2026-03-30T20:41:07+00:00","og_image":[{"width":1152,"height":2048,"url":"https:\/\/ladragonnerie.com\/wp-content\/uploads\/2026\/01\/WhatsApp-Image-2026-01-16-at-17.18.29.jpeg","type":"image\/jpeg"}],"twitter_card":"summary_large_image","twitter_misc":{"Dur\u00e9e de lecture estim\u00e9e":"1 minute"},"schema":{"@context":"https:\/\/schema.org","@graph":[{"@type":"WebPage","@id":"https:\/\/ladragonnerie.com\/index.php\/produit\/pochette-broche-relie-verte\/","url":"https:\/\/ladragonnerie.com\/index.php\/produit\/pochette-broche-relie-verte\/","name":"Pochette broch\u00e9 \/ reli\u00e9 verte - La Dragonnerie","isPartOf":{"@id":"https:\/\/ladragonnerie.com\/#website"},"primaryImageOfPage":{"@id":"https:\/\/ladragonnerie.com\/index.php\/produit\/pochette-broche-relie-verte\/#primaryimage"},"image":{"@id":"https:\/\/ladragonnerie.com\/index.php\/produit\/pochette-broche-relie-verte\/#primaryimage"},"thumbnailUrl":"https:\/\/ladragonnerie.com\/wp-content\/uploads\/2026\/01\/WhatsApp-Image-2026-01-16-at-17.18.29.jpeg","datePublished":"2026-01-16T16:56:45+00:00","dateModified":"2026-03-30T20:41:07+00:00","breadcrumb":{"@id":"https:\/\/ladragonnerie.com\/index.php\/produit\/pochette-broche-relie-verte\/#breadcrumb"},"inLanguage":"fr-FR","potentialAction":[{"@type":"ReadAction","target":["https:\/\/ladragonnerie.com\/index.php\/produit\/pochette-broche-relie-verte\/"]}]},{"@type":"ImageObject","inLanguage":"fr-FR","@id":"https:\/\/ladragonnerie.com\/index.php\/produit\/pochette-broche-relie-verte\/#primaryimage","url":"https:\/\/ladragonnerie.com\/wp-content\/uploads\/2026\/01\/WhatsApp-Image-2026-01-16-at-17.18.29.jpeg","contentUrl":"https:\/\/ladragonnerie.com\/wp-content\/uploads\/2026\/01\/WhatsApp-Image-2026-01-16-at-17.18.29.jpeg","width":1152,"height":2048},{"@type":"BreadcrumbList","@id":"https:\/\/ladragonnerie.com\/index.php\/produit\/pochette-broche-relie-verte\/#breadcrumb","itemListElement":[{"@type":"ListItem","position":1,"name":"Accueil","item":"https:\/\/ladragonnerie.com\/"},{"@type":"ListItem","position":2,"name":"Nos cr\u00e9ations","item":"https:\/\/ladragonnerie.com\/index.php\/pochette-a-livre-marque-page\/"},{"@type":"ListItem","position":3,"name":"Pochette broch\u00e9 \/ reli\u00e9 verte"}]},{"@type":"WebSite","@id":"https:\/\/ladragonnerie.com\/#website","url":"https:\/\/ladragonnerie.com\/","name":"La Dragonnerie","description":"Pochette \u00e0 livre","publisher":{"@id":"https:\/\/ladragonnerie.com\/#organization"},"potentialAction":[{"@type":"SearchAction","target":{"@type":"EntryPoint","urlTemplate":"https:\/\/ladragonnerie.com\/?s={search_term_string}"},"query-input":{"@type":"PropertyValueSpecification","valueRequired":true,"valueName":"search_term_string"}}],"inLanguage":"fr-FR"},{"@type":"Organization","@id":"https:\/\/ladragonnerie.com\/#organization","name":"La Dragonnerie","url":"https:\/\/ladragonnerie.com\/","logo":{"@type":"ImageObject","inLanguage":"fr-FR","@id":"https:\/\/ladragonnerie.com\/#\/schema\/logo\/image\/","url":"https:\/\/ladragonnerie.com\/wp-content\/uploads\/2025\/04\/cropped-logo-ecriture-or.png","contentUrl":"https:\/\/ladragonnerie.com\/wp-content\/uploads\/2025\/04\/cropped-logo-ecriture-or.png","width":1272,"height":522,"caption":"La Dragonnerie"},"image":{"@id":"https:\/\/ladragonnerie.com\/#\/schema\/logo\/image\/"},"sameAs":["https:\/\/www.instagram.com\/ladragonnerie_\/","https:\/\/www.tiktok.com\/@ladragonnerie_"]}]}},"_links":{"self":[{"href":"https:\/\/ladragonnerie.com\/index.php\/wp-json\/wp\/v2\/product\/738","targetHints":{"allow":["GET"]}}],"collection":[{"href":"https:\/\/ladragonnerie.com\/index.php\/wp-json\/wp\/v2\/product"}],"about":[{"href":"https:\/\/ladragonnerie.com\/index.php\/wp-json\/wp\/v2\/types\/product"}],"wp:featuredmedia":[{"embeddable":true,"href":"https:\/\/ladragonnerie.com\/index.php\/wp-json\/wp\/v2\/media\/739"}],"wp:attachment":[{"href":"https:\/\/ladragonnerie.com\/index.php\/wp-json\/wp\/v2\/media?parent=738"}],"wp:term":[{"taxonomy":"product_brand","embeddable":true,"href":"https:\/\/ladragonnerie.com\/index.php\/wp-json\/wp\/v2\/product_brand?post=738"},{"taxonomy":"product_cat","embeddable":true,"href":"https:\/\/ladragonnerie.com\/index.php\/wp-json\/wp\/v2\/product_cat?post=738"},{"taxonomy":"product_tag","embeddable":true,"href":"https:\/\/ladragonnerie.com\/index.php\/wp-json\/wp\/v2\/product_tag?post=738"}],"curies":[{"name":"wp","href":"https:\/\/api.w.org\/{rel}","templated":true}]}}